{"id":2370,"date":"2025-02-18T22:54:40","date_gmt":"2025-02-18T21:54:40","guid":{"rendered":"https:\/\/laurent.connectsyou.app\/?page_id=2370"},"modified":"2025-02-18T22:54:40","modified_gmt":"2025-02-18T21:54:40","slug":"avenir-maitrise","status":"publish","type":"page","link":"https:\/\/laurent.connectsyou.app\/index.php\/avenir-maitrise\/","title":{"rendered":"Avenir Ma\u00eetris\u00e9"},"content":{"rendered":"\n<div style=\"height:25px\" aria-hidden=\"true\" class=\"wp-block-spacer\"><\/div>\n\n\n\n<h2 class=\"wp-block-heading\"><strong>Ma\u00eetriser Votre Avenir Financier: Techniques et Solutions<\/strong><\/h2>\n\n\n\n<div style=\"height:25px\" aria-hidden=\"true\" class=\"wp-block-spacer\"><\/div>\n\n\n\n<p><strong>Laurent Vichery<\/strong> est un expert inestimable dans le domaine de la gestion de patrimoine, d\u00e9di\u00e9 \u00e0 aider les particuliers et les chefs d&rsquo;entreprise \u00e0 ma\u00eetriser leur avenir financier. \u00c0 travers ses services, il offre des techniques et solutions personnalis\u00e9es qui permettent \u00e0 ses clients de s\u00e9curiser et d&rsquo;optimiser leur patrimoine financier. En appuyant sur une strat\u00e9gie int\u00e9gr\u00e9e et sur mesure, Laurent guide ses clients vers la r\u00e9alisation de leurs objectifs financiers en mettant l&rsquo;accent sur l&rsquo;investissement strat\u00e9gique, notamment dans les actions, qui est essentiel pour une croissance durable. <\/p>\n\n\n\n<p><strong>Son approche pragmatique et \u00e9clair\u00e9e offre non seulement des solutions innovantes mais aussi la tranquillit\u00e9 d&rsquo;esprit n\u00e9cessaire pour planifier avec confiance son avenir \u00e9conomique. <\/strong><\/p>\n\n\n\n<p>En collaborant avec Laurent Vichery, vous vous assurez de b\u00e9n\u00e9ficier d&rsquo;une expertise avis\u00e9e pour naviguer efficacement dans le paysage financier complexe d&rsquo;aujourd&rsquo;hui.<\/p>\n","protected":false},"excerpt":{"rendered":"<p>Ma\u00eetriser Votre Avenir Financier: Techniques et Solutions Laurent Vichery est un expert inestimable dans le domaine de la gestion de patrimoine, d\u00e9di\u00e9 \u00e0 aider les particuliers et les chefs d&rsquo;entreprise [&hellip;]<\/p>\n","protected":false},"author":1,"featured_media":0,"parent":0,"menu_order":0,"comment_status":"closed","ping_status":"closed","template":"","meta":{"om_disable_all_campaigns":false,"_monsterinsights_skip_tracking":false,"_monsterinsights_sitenote_active":false,"_monsterinsights_sitenote_note":"","_monsterinsights_sitenote_category":0,"footnotes":""},"class_list":["post-2370","page","type-page","status-publish","hentry"],"aioseo_notices":[],"_links":{"self":[{"href":"https:\/\/laurent.connectsyou.app\/index.php\/wp-json\/wp\/v2\/pages\/2370","targetHints":{"allow":["GET"]}}],"collection":[{"href":"https:\/\/laurent.connectsyou.app\/index.php\/wp-json\/wp\/v2\/pages"}],"about":[{"href":"https:\/\/laurent.connectsyou.app\/index.php\/wp-json\/wp\/v2\/types\/page"}],"author":[{"embeddable":true,"href":"https:\/\/laurent.connectsyou.app\/index.php\/wp-json\/wp\/v2\/users\/1"}],"replies":[{"embeddable":true,"href":"https:\/\/laurent.connectsyou.app\/index.php\/wp-json\/wp\/v2\/comments?post=2370"}],"version-history":[{"count":1,"href":"https:\/\/laurent.connectsyou.app\/index.php\/wp-json\/wp\/v2\/pages\/2370\/revisions"}],"predecessor-version":[{"id":2373,"href":"https:\/\/laurent.connectsyou.app\/index.php\/wp-json\/wp\/v2\/pages\/2370\/revisions\/2373"}],"wp:attachment":[{"href":"https:\/\/laurent.connectsyou.app\/index.php\/wp-json\/wp\/v2\/media?parent=2370"}],"curies":[{"name":"wp","href":"https:\/\/api.w.org\/{rel}","templated":true}]}}